{"id":111,"date":"2019-01-17T08:49:16","date_gmt":"2019-01-17T07:49:16","guid":{"rendered":"http:\/\/www.neptis.fr\/?page_id=111"},"modified":"2019-02-06T00:11:15","modified_gmt":"2019-02-05T23:11:15","slug":"solution-telecommunication","status":"publish","type":"page","link":"https:\/\/neptis.fr\/?page_id=111","title":{"rendered":"Solutions t\u00e9l\u00e9com"},"content":{"rendered":"<p>[et_pb_section fb_built=\u00a0\u00bb1&Prime; admin_label=\u00a0\u00bbAbout\u00a0\u00bb _builder_version=\u00a0\u00bb3.12.2&Prime;][et_pb_row custom_padding=\u00a0\u00bb|||\u00a0\u00bb _builder_version=\u00a0\u00bb3.12.2&Prime;][et_pb_column type=\u00a0\u00bb4_4&Prime; _builder_version=\u00a0\u00bb3.0.47&Prime; parallax=\u00a0\u00bboff\u00a0\u00bb parallax_method=\u00a0\u00bbon\u00a0\u00bb][et_pb_text _builder_version=\u00a0\u00bb3.19.5&Prime; header_2_font=\u00a0\u00bb|600||on|||||\u00a0\u00bb header_2_text_color=\u00a0\u00bb#0054ff\u00a0\u00bb header_2_font_size=\u00a0\u00bb16px\u00a0\u00bb header_2_letter_spacing=\u00a0\u00bb3px\u00a0\u00bb header_2_line_height=\u00a0\u00bb1.8em\u00a0\u00bb]<\/p>\n<h2>SOLUTION TELECOMMUNICATION<\/h2>\n<p>[\/et_pb_text][\/et_pb_column][\/et_pb_row][et_pb_row custom_padding=\u00a0\u00bb3px|0|||false|false\u00a0\u00bb custom_padding_tablet=\u00a0\u00bb|0vw||\u00a0\u00bb custom_margin=\u00a0\u00bb|||\u00a0\u00bb custom_padding_last_edited=\u00a0\u00bbon|phone\u00a0\u00bb _builder_version=\u00a0\u00bb3.12.2&Prime;][et_pb_column type=\u00a0\u00bb3_5&Prime; _builder_version=\u00a0\u00bb3.0.47&Prime; parallax=\u00a0\u00bboff\u00a0\u00bb parallax_method=\u00a0\u00bbon\u00a0\u00bb][et_pb_text _builder_version=\u00a0\u00bb3.19.5&Prime; text_line_height=\u00a0\u00bb2em\u00a0\u00bb header_3_font=\u00a0\u00bbLato|900|||||||\u00a0\u00bb header_3_font_size=\u00a0\u00bb35px\u00a0\u00bb header_3_font_size_phone=\u00a0\u00bb25px\u00a0\u00bb header_3_font_size_last_edited=\u00a0\u00bbon|desktop\u00a0\u00bb header_3_line_height=\u00a0\u00bb1.5em\u00a0\u00bb header_4_font=\u00a0\u00bbLato|700||on|||||\u00a0\u00bb header_4_text_color=\u00a0\u00bbrgba(12,12,12,0.27)\u00a0\u00bb header_4_font_size=\u00a0\u00bb13px\u00a0\u00bb header_4_letter_spacing=\u00a0\u00bb3px\u00a0\u00bb header_4_line_height=\u00a0\u00bb1.8em\u00a0\u00bb locked=\u00a0\u00bboff\u00a0\u00bb]<\/p>\n<h3>NEPTIS : votre solution t\u00e9l\u00e9communication<\/h3>\n<p>NEPTIS propose \u00e0 ses clients d\u2019int\u00e9grer les nouvelles technologies \u00e0 leur syst\u00e8me de communication. Nous proposons des<strong> solutions de t\u00e9l\u00e9phonie passant par internet, par IP<\/strong> (Internet Protocol) ou <strong>par donn\u00e9es xDSL<\/strong>.<\/p>\n<p>[\/et_pb_text][\/et_pb_column][et_pb_column type=\u00a0\u00bb2_5&Prime; _builder_version=\u00a0\u00bb3.0.47&Prime; parallax=\u00a0\u00bboff\u00a0\u00bb parallax_method=\u00a0\u00bbon\u00a0\u00bb][et_pb_image src=\u00a0\u00bbhttp:\/\/www.neptis.fr\/wp-content\/uploads\/2019\/01\/Accueil-Image-2-1.png\u00a0\u00bb _builder_version=\u00a0\u00bb3.19.5&Prime;][\/et_pb_image][\/et_pb_column][\/et_pb_row][et_pb_row custom_padding=\u00a0\u00bb3px|0|||false|false\u00a0\u00bb custom_padding_tablet=\u00a0\u00bb|0vw||\u00a0\u00bb custom_margin=\u00a0\u00bb|||\u00a0\u00bb custom_padding_last_edited=\u00a0\u00bbon|phone\u00a0\u00bb _builder_version=\u00a0\u00bb3.12.2&Prime;][et_pb_column type=\u00a0\u00bb3_5&Prime; _builder_version=\u00a0\u00bb3.0.47&Prime; parallax=\u00a0\u00bboff\u00a0\u00bb parallax_method=\u00a0\u00bbon\u00a0\u00bb][et_pb_text _builder_version=\u00a0\u00bb3.19.5&Prime; text_line_height=\u00a0\u00bb2em\u00a0\u00bb header_3_font=\u00a0\u00bbLato|900|||||||\u00a0\u00bb header_3_font_size=\u00a0\u00bb35px\u00a0\u00bb header_3_font_size_phone=\u00a0\u00bb25px\u00a0\u00bb header_3_font_size_last_edited=\u00a0\u00bbon|desktop\u00a0\u00bb header_3_line_height=\u00a0\u00bb1.5em\u00a0\u00bb header_4_font=\u00a0\u00bbLato|700||on|||||\u00a0\u00bb header_4_text_color=\u00a0\u00bbrgba(12,12,12,0.27)\u00a0\u00bb header_4_font_size=\u00a0\u00bb13px\u00a0\u00bb header_4_letter_spacing=\u00a0\u00bb3px\u00a0\u00bb header_4_line_height=\u00a0\u00bb1.8em\u00a0\u00bb locked=\u00a0\u00bboff\u00a0\u00bb]<\/p>\n<h4>Les d\u00e9tails de la solution Neptis<\/h4>\n<p>Neptis vous propose de muter le r\u00e9seau RTC (R\u00e9seau t\u00e9l\u00e9phonique commut\u00e9) en syst\u00e8me de voix sur internet <strong>pour les communications<\/strong> au sein de votre entreprise et vos <strong>appels sortants<\/strong>.<\/p>\n<p>Pour tout type d\u2019entreprise, mais en particulier les PME, ce choix signifie :<\/p>\n<ul>\n<li>Opter pour le <strong>moins cher<\/strong> : les co\u00fbts des appels VoIP sont moindres. Certes, des installations sont \u00e0 faire (et NEPTIS le fait \u00e0 un tarif abordable) \u2013 au final, c\u2019est une d\u00e9cision qui reviendra moins ch\u00e8re ;<\/li>\n<li>Adopter <strong>un seul num\u00e9ro<\/strong> partout o\u00f9 que l\u2019on soit : lors de vos d\u00e9placements \u00e0 l\u2019\u00e9tranger, vous pourrez utiliser le m\u00eame num\u00e9ro qui est accessible d\u00e8s que vous \u00eates connect\u00e9 ;<\/li>\n<li>Gagner en <strong>efficacit\u00e9<\/strong> en int\u00e9grant sur un m\u00eame r\u00e9seau tous les appareils utilis\u00e9s par l\u2019entreprise (fax, ordinateur, \u2026) ;<\/li>\n<li>Se pr\u00e9parer pour la t\u00e9l\u00e9communication du futur car les appels VoIP sont l\u2019avenir.<\/li>\n<\/ul>\n<p>&nbsp;<\/p>\n<p>&nbsp;<\/p>\n<p>[\/et_pb_text][\/et_pb_column][et_pb_column type=\u00a0\u00bb2_5&Prime; _builder_version=\u00a0\u00bb3.0.47&Prime; parallax=\u00a0\u00bboff\u00a0\u00bb parallax_method=\u00a0\u00bbon\u00a0\u00bb][et_pb_image src=\u00a0\u00bbhttp:\/\/www.neptis.fr\/wp-content\/uploads\/2019\/01\/fotolia_94882399.png\u00a0\u00bb _builder_version=\u00a0\u00bb3.19.5&Prime;][\/et_pb_image][\/et_pb_column][\/et_pb_row][et_pb_row custom_padding=\u00a0\u00bb3px|0|||false|false\u00a0\u00bb custom_padding_tablet=\u00a0\u00bb|0vw||\u00a0\u00bb custom_margin=\u00a0\u00bb|||\u00a0\u00bb custom_padding_last_edited=\u00a0\u00bbon|phone\u00a0\u00bb _builder_version=\u00a0\u00bb3.12.2&Prime;][et_pb_column type=\u00a0\u00bb3_5&Prime; _builder_version=\u00a0\u00bb3.0.47&Prime; parallax=\u00a0\u00bboff\u00a0\u00bb parallax_method=\u00a0\u00bbon\u00a0\u00bb][et_pb_image src=\u00a0\u00bbhttp:\/\/www.neptis.fr\/wp-content\/uploads\/2019\/01\/Tel-par-Net.png\u00a0\u00bb align=\u00a0\u00bbcenter\u00a0\u00bb _builder_version=\u00a0\u00bb3.19.5&Prime;][\/et_pb_image][\/et_pb_column][et_pb_column type=\u00a0\u00bb2_5&Prime; _builder_version=\u00a0\u00bb3.0.47&Prime; parallax=\u00a0\u00bboff\u00a0\u00bb parallax_method=\u00a0\u00bbon\u00a0\u00bb][et_pb_text _builder_version=\u00a0\u00bb3.19.5&Prime; text_line_height=\u00a0\u00bb2em\u00a0\u00bb header_3_font=\u00a0\u00bbLato|900|||||||\u00a0\u00bb header_3_font_size=\u00a0\u00bb35px\u00a0\u00bb header_3_font_size_phone=\u00a0\u00bb25px\u00a0\u00bb header_3_font_size_last_edited=\u00a0\u00bbon|desktop\u00a0\u00bb header_3_line_height=\u00a0\u00bb1.5em\u00a0\u00bb header_4_font=\u00a0\u00bbLato|700||on|||||\u00a0\u00bb header_4_text_color=\u00a0\u00bbrgba(12,12,12,0.27)\u00a0\u00bb header_4_font_size=\u00a0\u00bb13px\u00a0\u00bb header_4_letter_spacing=\u00a0\u00bb3px\u00a0\u00bb header_4_line_height=\u00a0\u00bb1.8em\u00a0\u00bb]<\/p>\n<h4>Une solution adapt\u00e9e pour vous ?<\/h4>\n<p>La migration vers la t\u00e9l\u00e9phonie par internet n\u2019est pas un choix sans contrainte. Elle requiert la mise en place de bases fondamentales \u00e0 l\u2019efficacit\u00e9 et \u00e0 la fluidit\u00e9 du syst\u00e8me. En cela, NEPTIS se d\u00e9marque de ses concurrents \u00e0 travers une <strong>\u00e9tude pr\u00e9alable<\/strong> de chaque projet.\u00a0Nous vous conseillons, vous accompagnons pour mettre en \u0153uvre les fondamentaux n\u00e9cessaires tels que la<strong> mise \u00e0 niveau du r\u00e9seau<\/strong> et l\u2019<strong>installation des logiciels n\u00e9cessaires<\/strong> (voir solutions IT).<\/p>\n<p>Nous pr\u00e9voyons une p\u00e9riode transitoire entre votre ancien et votre nouveau syst\u00e8me : NEPTIS met en place une<strong> communication hybride<\/strong> progressivement IP afin d assurer un service continu.<\/p>\n<p>[\/et_pb_text][\/et_pb_column][\/et_pb_row][\/et_pb_section][et_pb_section fb_built=\u00a0\u00bb1&Prime; admin_label=\u00a0\u00bbOverview\u00a0\u00bb _builder_version=\u00a0\u00bb3.12.2&Prime;][et_pb_row custom_padding=\u00a0\u00bb0px|||\u00a0\u00bb custom_padding_tablet=\u00a0\u00bb|0vw||\u00a0\u00bb custom_margin=\u00a0\u00bb|||\u00a0\u00bb custom_padding_last_edited=\u00a0\u00bboff|desktop\u00a0\u00bb _builder_version=\u00a0\u00bb3.14&Prime;][et_pb_column type=\u00a0\u00bb3_5&Prime; _builder_version=\u00a0\u00bb3.0.47&Prime; parallax=\u00a0\u00bboff\u00a0\u00bb parallax_method=\u00a0\u00bbon\u00a0\u00bb][et_pb_text _builder_version=\u00a0\u00bb3.19.5&Prime; text_line_height=\u00a0\u00bb2em\u00a0\u00bb header_3_font=\u00a0\u00bbLato|900|||||||\u00a0\u00bb header_3_font_size=\u00a0\u00bb35px\u00a0\u00bb header_3_font_size_phone=\u00a0\u00bb25px\u00a0\u00bb header_3_font_size_last_edited=\u00a0\u00bbon|desktop\u00a0\u00bb header_3_line_height=\u00a0\u00bb1.5em\u00a0\u00bb header_4_font=\u00a0\u00bbLato|700||on|||||\u00a0\u00bb header_4_text_color=\u00a0\u00bbrgba(12,12,12,0.27)\u00a0\u00bb header_4_font_size=\u00a0\u00bb13px\u00a0\u00bb header_4_letter_spacing=\u00a0\u00bb3px\u00a0\u00bb header_4_line_height=\u00a0\u00bb1.8em\u00a0\u00bb locked=\u00a0\u00bboff\u00a0\u00bb]<\/p>\n<h3>Le Concept<\/h3>\n<p>Chez NEPTIS, nos solutions innovantes visent \u00e0 simplifier la communication interne et les appels sortants dans votre entreprise. Nous avons la conviction qu&rsquo;elles vous aideront \u00e9galement \u00e0 favoriser une communication d&rsquo;\u00e9quipe efficace.\u00a0Une expertise en t\u00e9l\u00e9communication corporate qui nous permet de proposer aux entreprises des <strong>solutions de communication intuitives<\/strong>\u00a0<strong>et performantes\u00a0<\/strong>pour am\u00e9liorer leur activit\u00e9.<\/p>\n<p>A l&rsquo;heure de la technologie num\u00e9rique, notre objectif est d&rsquo;accompagner les entreprises dans la transition entre l&rsquo;ancienne et la nouvelle technologie. Une \u00ab\u00a0migration en douceur\u00a0\u00bb permettant une entr\u00e9e progressive, en plusieurs \u00e9tapes, dans l&rsquo;innovation durant laquelle le client d\u00e9termine la vitesse de transition. Des solutions professionnelles tout-en-un pour la communication de votre entreprise et qui ont le m\u00e9rite d&rsquo;\u00eatre \u00e0 la fois <strong>\u00e9volutives, s\u00e9curis\u00e9es<\/strong> et d\u00e9velopp\u00e9es enti\u00e8rement en interne.<\/p>\n<p>[\/et_pb_text][\/et_pb_column][et_pb_column type=\u00a0\u00bb2_5&Prime; _builder_version=\u00a0\u00bb3.0.47&Prime; parallax=\u00a0\u00bboff\u00a0\u00bb parallax_method=\u00a0\u00bbon\u00a0\u00bb][et_pb_image src=\u00a0\u00bbhttp:\/\/www.neptis.fr\/wp-content\/uploads\/2019\/01\/Le-Concept.jpg\u00a0\u00bb _builder_version=\u00a0\u00bb3.19.5&Prime;][\/et_pb_image][\/et_pb_column][\/et_pb_row][et_pb_row custom_padding=\u00a0\u00bb0px|||\u00a0\u00bb custom_padding_tablet=\u00a0\u00bb|0vw||\u00a0\u00bb custom_margin=\u00a0\u00bb|||\u00a0\u00bb custom_padding_last_edited=\u00a0\u00bboff|desktop\u00a0\u00bb _builder_version=\u00a0\u00bb3.14&Prime;][et_pb_column type=\u00a0\u00bb3_5&Prime; _builder_version=\u00a0\u00bb3.0.47&Prime; parallax=\u00a0\u00bboff\u00a0\u00bb parallax_method=\u00a0\u00bbon\u00a0\u00bb][et_pb_image src=\u00a0\u00bbhttp:\/\/www.neptis.fr\/wp-content\/uploads\/2019\/01\/Notre-Vision.jpg\u00a0\u00bb _builder_version=\u00a0\u00bb3.19.5&Prime;][\/et_pb_image][\/et_pb_column][et_pb_column type=\u00a0\u00bb2_5&Prime; _builder_version=\u00a0\u00bb3.0.47&Prime; parallax=\u00a0\u00bboff\u00a0\u00bb parallax_method=\u00a0\u00bbon\u00a0\u00bb][et_pb_text _builder_version=\u00a0\u00bb3.19.5&Prime; text_line_height=\u00a0\u00bb2em\u00a0\u00bb header_3_font=\u00a0\u00bbLato|900|||||||\u00a0\u00bb header_3_font_size=\u00a0\u00bb35px\u00a0\u00bb header_3_font_size_phone=\u00a0\u00bb25px\u00a0\u00bb header_3_font_size_last_edited=\u00a0\u00bbon|desktop\u00a0\u00bb header_3_line_height=\u00a0\u00bb1.5em\u00a0\u00bb header_4_font=\u00a0\u00bbLato|700||on|||||\u00a0\u00bb header_4_text_color=\u00a0\u00bbrgba(12,12,12,0.27)\u00a0\u00bb header_4_font_size=\u00a0\u00bb13px\u00a0\u00bb header_4_letter_spacing=\u00a0\u00bb3px\u00a0\u00bb header_4_line_height=\u00a0\u00bb1.8em\u00a0\u00bb locked=\u00a0\u00bboff\u00a0\u00bb]<\/p>\n<h3>Notre vision<\/h3>\n<p>Notre vision est simple: faire de la technologie un atout pour les entreprises et non un probl\u00e8me.<\/p>\n<p>Nous croyons qu\u2019il est important de faire de notre monde complexe et en rapide mutation un lieu plus simple et plus stimulant pour vivre, travailler et se d\u00e9velopper.<\/p>\n<p>Nous nous consid\u00e9rons comme les \u00abarchitectes du changement\u00bb et, comme tous les bons architectes, nous concevons une grande vari\u00e9t\u00e9 de projets.<\/p>\n<p>[\/et_pb_text][\/et_pb_column][\/et_pb_row][\/et_pb_section][et_pb_section fb_built=\u00a0\u00bb1&Prime; fullwidth=\u00a0\u00bbon\u00a0\u00bb _builder_version=\u00a0\u00bb3.14&Prime; box_shadow_style=\u00a0\u00bbpreset3&Prime; box_shadow_vertical=\u00a0\u00bb120px\u00a0\u00bb box_shadow_blur=\u00a0\u00bb180px\u00a0\u00bb box_shadow_spread=\u00a0\u00bb-60px\u00a0\u00bb box_shadow_color=\u00a0\u00bbrgba(0,0,0,0.4)\u00a0\u00bb][et_pb_fullwidth_image src=\u00a0\u00bbhttp:\/\/www.neptis.fr\/wp-content\/uploads\/2019\/01\/web-dev-19.jpg\u00a0\u00bb _builder_version=\u00a0\u00bb3.14&Prime;]<br \/>\n[\/et_pb_fullwidth_image][\/et_pb_section][et_pb_section fb_built=\u00a0\u00bb1&Prime; admin_label=\u00a0\u00bbTestimonials\u00a0\u00bb _builder_version=\u00a0\u00bb3.12.2&Prime;][et_pb_row _builder_version=\u00a0\u00bb3.12.2&Prime;][et_pb_column type=\u00a0\u00bb1_3&Prime; _builder_version=\u00a0\u00bb3.0.47&Prime; parallax=\u00a0\u00bboff\u00a0\u00bb parallax_method=\u00a0\u00bbon\u00a0\u00bb][et_pb_image src=\u00a0\u00bbhttp:\/\/www.neptis.fr\/wp-content\/uploads\/2019\/01\/portrait-square-10.jpg\u00a0\u00bb show_bottom_space=\u00a0\u00bboff\u00a0\u00bb always_center_on_mobile=\u00a0\u00bboff\u00a0\u00bb _builder_version=\u00a0\u00bb3.14&Prime; border_radii=\u00a0\u00bbon|200px|200px|200px|200px\u00a0\u00bb max_width=\u00a0\u00bb75px\u00a0\u00bb]<br \/>\n[\/et_pb_image][et_pb_testimonial author=\u00a0\u00bbSimon F.\u00a0\u00bb job_title=\u00a0\u00bbResponsable communication interne\u00a0\u00bb quote_icon=\u00a0\u00bboff\u00a0\u00bb _builder_version=\u00a0\u00bb3.19.5&Prime; body_line_height=\u00a0\u00bb2em\u00a0\u00bb use_background_color=\u00a0\u00bboff\u00a0\u00bb]<\/p>\n<p>\u00ab\u00a0Votre r\u00e9activit\u00e9 et votre attention constante pour nous aider \u00e0 tirer le meilleur parti de notre syst\u00e8me t\u00e9l\u00e9phonique continuent de renforcer la d\u00e9cision que nous avons prise de vous engager. Merci.\u00a0\u00bb<\/p>\n<p>&nbsp;<\/p>\n<p>[\/et_pb_testimonial][\/et_pb_column][et_pb_column type=\u00a0\u00bb1_3&Prime; _builder_version=\u00a0\u00bb3.0.47&Prime; parallax=\u00a0\u00bboff\u00a0\u00bb parallax_method=\u00a0\u00bbon\u00a0\u00bb][et_pb_image src=\u00a0\u00bbhttp:\/\/www.neptis.fr\/wp-content\/uploads\/2019\/01\/portrait-square-05.jpg\u00a0\u00bb show_bottom_space=\u00a0\u00bboff\u00a0\u00bb always_center_on_mobile=\u00a0\u00bboff\u00a0\u00bb _builder_version=\u00a0\u00bb3.14&Prime; border_radii=\u00a0\u00bbon|200px|200px|200px|200px\u00a0\u00bb max_width=\u00a0\u00bb75px\u00a0\u00bb locked=\u00a0\u00bboff\u00a0\u00bb]<br \/>\n[\/et_pb_image][et_pb_testimonial author=\u00a0\u00bbJulien B.\u00a0\u00bb job_title=\u00a0\u00bbAdministrateur\u00a0\u00bb quote_icon=\u00a0\u00bboff\u00a0\u00bb _builder_version=\u00a0\u00bb3.19.5&Prime; body_line_height=\u00a0\u00bb2em\u00a0\u00bb use_background_color=\u00a0\u00bboff\u00a0\u00bb]<\/p>\n<p>\u00ab\u00a0Apr\u00e8s de nombreuses recherches et plusieurs tests, nous avons choisi de travailler avec NEPTIS pour nous aider \u00e0 revoir notre syst\u00e8me de communication interne. Nous avons \u00e9t\u00e9 tr\u00e8s satisfaits de notre d\u00e9cision, c&rsquo;est un partenaire est tr\u00e8s fiable.\u00a0\u00bb<\/p>\n<p>[\/et_pb_testimonial][\/et_pb_column][et_pb_column type=\u00a0\u00bb1_3&Prime; _builder_version=\u00a0\u00bb3.0.47&Prime; parallax=\u00a0\u00bboff\u00a0\u00bb parallax_method=\u00a0\u00bbon\u00a0\u00bb][et_pb_image src=\u00a0\u00bbhttp:\/\/www.neptis.fr\/wp-content\/uploads\/2019\/01\/portrait-square-06.jpg\u00a0\u00bb show_bottom_space=\u00a0\u00bboff\u00a0\u00bb always_center_on_mobile=\u00a0\u00bboff\u00a0\u00bb _builder_version=\u00a0\u00bb3.14&Prime; border_radii=\u00a0\u00bbon|200px|200px|200px|200px\u00a0\u00bb max_width=\u00a0\u00bb75px\u00a0\u00bb locked=\u00a0\u00bboff\u00a0\u00bb]<br \/>\n[\/et_pb_image][et_pb_testimonial author=\u00a0\u00bbElsa R.\u00a0\u00bb job_title=\u00a0\u00bbResponsable Production\u00a0\u00bb quote_icon=\u00a0\u00bboff\u00a0\u00bb _builder_version=\u00a0\u00bb3.19.5&Prime; body_line_height=\u00a0\u00bb2em\u00a0\u00bb use_background_color=\u00a0\u00bboff\u00a0\u00bb]<\/p>\n<p>\u00ab\u00a0Notre toute premi\u00e8re exp\u00e9rience avec NEPTIS a \u00e9t\u00e9 tr\u00e8s concluante. Une collaboration qui a abouti \u00e0 la mise en place d&rsquo;un nouveau syst\u00e8me t\u00e9l\u00e9phonique VoIP \u00e0 l\u2019\u00e9chelle de l\u2019entreprise que nous continuons \u00e0 ce jour d&rsquo;utiliser avec plaisir.\u00a0\u00bb<\/p>\n<p>[\/et_pb_testimonial][\/et_pb_column][\/et_pb_row][\/et_pb_section][et_pb_section fb_built=\u00a0\u00bb1&Prime; fullwidth=\u00a0\u00bbon\u00a0\u00bb admin_label=\u00a0\u00bbHeader\u00a0\u00bb _builder_version=\u00a0\u00bb3.14&Prime; background_image=\u00a0\u00bbhttp:\/\/www.neptis.fr\/wp-content\/uploads\/2019\/01\/web-dev-03.png\u00a0\u00bb parallax=\u00a0\u00bbon\u00a0\u00bb animation_style=\u00a0\u00bbfade\u00a0\u00bb][et_pb_fullwidth_header title=\u00a0\u00bbPr\u00eat pour le changement ?\u00a0\u00bb subhead=\u00a0\u00bbProfitez d\u00e8s maintenant des avantages du num\u00e9rique !\u00a0\u00bb text_orientation=\u00a0\u00bbcenter\u00a0\u00bb button_one_text=\u00a0\u00bbContactez nous\u00a0\u00bb button_one_url=\u00a0\u00bbhttp:\/\/www.neptis.fr\/?page_id=134&Prime; _builder_version=\u00a0\u00bb3.19.5&Prime; title_level=\u00a0\u00bbh2&Prime; title_font=\u00a0\u00bbLato|900|||||||\u00a0\u00bb title_font_size=\u00a0\u00bb50px\u00a0\u00bb title_font_size_tablet=\u00a0\u00bb40px\u00a0\u00bb title_font_size_phone=\u00a0\u00bb25px\u00a0\u00bb title_font_size_last_edited=\u00a0\u00bbon|tablet\u00a0\u00bb title_line_height=\u00a0\u00bb1.5em\u00a0\u00bb content_font_size=\u00a0\u00bb16px\u00a0\u00bb content_line_height=\u00a0\u00bb2em\u00a0\u00bb subhead_font=\u00a0\u00bb|700||on|||||\u00a0\u00bb subhead_font_size=\u00a0\u00bb14px\u00a0\u00bb subhead_letter_spacing=\u00a0\u00bb2px\u00a0\u00bb background_color=\u00a0\u00bbrgba(0,0,0,0)\u00a0\u00bb custom_button_two=\u00a0\u00bbon\u00a0\u00bb button_two_text_size=\u00a0\u00bb14px\u00a0\u00bb button_two_text_color=\u00a0\u00bb#0054ff\u00a0\u00bb button_two_bg_color=\u00a0\u00bbrgba(255,255,255,0)\u00a0\u00bb button_two_border_width=\u00a0\u00bb12px\u00a0\u00bb button_two_border_color=\u00a0\u00bbrgba(0,0,0,0)\u00a0\u00bb button_two_border_radius=\u00a0\u00bb0px\u00a0\u00bb button_two_letter_spacing=\u00a0\u00bb2px\u00a0\u00bb button_two_font=\u00a0\u00bb|600||on|||||\u00a0\u00bb button_two_icon=\u00a0\u00bb%%24%%\u00a0\u00bb button_two_on_hover=\u00a0\u00bboff\u00a0\u00bb custom_button_one=\u00a0\u00bbon\u00a0\u00bb button_one_text_size=\u00a0\u00bb14px\u00a0\u00bb button_one_text_color=\u00a0\u00bb#ffffff\u00a0\u00bb button_one_bg_color=\u00a0\u00bb#0054ff\u00a0\u00bb button_one_border_width=\u00a0\u00bb14px\u00a0\u00bb button_one_border_color=\u00a0\u00bbrgba(0,0,0,0)\u00a0\u00bb button_one_border_radius=\u00a0\u00bb0px\u00a0\u00bb button_one_letter_spacing=\u00a0\u00bb2px\u00a0\u00bb button_one_font=\u00a0\u00bb|600||on|||||\u00a0\u00bb button_one_icon=\u00a0\u00bb%%24%%\u00a0\u00bb button_one_on_hover=\u00a0\u00bboff\u00a0\u00bb box_shadow_style_button_two=\u00a0\u00bbpreset1&Prime; box_shadow_vertical_button_two=\u00a0\u00bb0px\u00a0\u00bb box_shadow_blur_button_two=\u00a0\u00bb0px\u00a0\u00bb box_shadow_spread_button_two=\u00a0\u00bb2px\u00a0\u00bb box_shadow_color_button_two=\u00a0\u00bb#0054ff\u00a0\u00bb background_layout=\u00a0\u00bblight\u00a0\u00bb custom_margin=\u00a0\u00bb|||\u00a0\u00bb custom_padding=\u00a0\u00bb6vw|||\u00a0\u00bb animation_style=\u00a0\u00bbzoom\u00a0\u00bb animation_intensity_zoom=\u00a0\u00bb0%\u00a0\u00bb button_one_letter_spacing_hover=\u00a0\u00bb2px\u00a0\u00bb button_two_letter_spacing_hover=\u00a0\u00bb2px\u00a0\u00bb button_one_text_size__hover_enabled=\u00a0\u00bboff\u00a0\u00bb button_two_text_size__hover_enabled=\u00a0\u00bboff\u00a0\u00bb button_one_text_color__hover_enabled=\u00a0\u00bboff\u00a0\u00bb button_two_text_color__hover_enabled=\u00a0\u00bboff\u00a0\u00bb button_one_border_width__hover_enabled=\u00a0\u00bboff\u00a0\u00bb button_two_border_width__hover_enabled=\u00a0\u00bboff\u00a0\u00bb button_one_border_color__hover_enabled=\u00a0\u00bboff\u00a0\u00bb button_two_border_color__hover_enabled=\u00a0\u00bboff\u00a0\u00bb button_one_border_radius__hover_enabled=\u00a0\u00bboff\u00a0\u00bb button_two_border_radius__hover_enabled=\u00a0\u00bboff\u00a0\u00bb button_one_letter_spacing__hover_enabled=\u00a0\u00bbon\u00a0\u00bb button_one_letter_spacing__hover=\u00a0\u00bb2px\u00a0\u00bb button_two_letter_spacing__hover_enabled=\u00a0\u00bbon\u00a0\u00bb button_two_letter_spacing__hover=\u00a0\u00bb2px\u00a0\u00bb button_one_bg_color__hover_enabled=\u00a0\u00bboff\u00a0\u00bb button_two_bg_color__hover_enabled=\u00a0\u00bboff\u00a0\u00bb][\/et_pb_fullwidth_header][et_pb_fullwidth_image src=\u00a0\u00bbhttp:\/\/www.neptis.fr\/wp-content\/uploads\/2019\/01\/Accueil-Image-3-2.png\u00a0\u00bb _builder_version=\u00a0\u00bb3.19.5&Prime; custom_margin=\u00a0\u00bb-10%|||\u00a0\u00bb animation_style=\u00a0\u00bbzoom\u00a0\u00bb animation_direction=\u00a0\u00bbbottom\u00a0\u00bb animation_duration=\u00a0\u00bb1400ms\u00a0\u00bb animation_intensity_zoom=\u00a0\u00bb5%\u00a0\u00bb]<br \/>\n[\/et_pb_fullwidth_image][\/et_pb_section]<\/p>\n","protected":false},"excerpt":{"rendered":"<p>SOLUTION TELECOMMUNICATION NEPTIS : votre solution t\u00e9l\u00e9communication NEPTIS propose \u00e0 ses clients d\u2019int\u00e9grer les nouvelles technologies \u00e0 leur syst\u00e8me de communication. Nous proposons des solutions de t\u00e9l\u00e9phonie passant par internet, par IP (Internet Protocol) ou par donn\u00e9es xDSL. Les d\u00e9tails de la solution Neptis Neptis vous propose de muter le r\u00e9seau RTC (R\u00e9seau t\u00e9l\u00e9phonique commut\u00e9) [&hellip;]<\/p>\n","protected":false},"author":2,"featured_media":0,"parent":0,"menu_order":0,"comment_status":"closed","ping_status":"closed","template":"","meta":{"_et_pb_use_builder":"on","_et_pb_old_content":"","_et_gb_content_width":"","footnotes":""},"class_list":["post-111","page","type-page","status-publish","hentry"],"_links":{"self":[{"href":"https:\/\/neptis.fr\/index.php?rest_route=\/wp\/v2\/pages\/111","targetHints":{"allow":["GET"]}}],"collection":[{"href":"https:\/\/neptis.fr\/index.php?rest_route=\/wp\/v2\/pages"}],"about":[{"href":"https:\/\/neptis.fr\/index.php?rest_route=\/wp\/v2\/types\/page"}],"author":[{"embeddable":true,"href":"https:\/\/neptis.fr\/index.php?rest_route=\/wp\/v2\/users\/2"}],"replies":[{"embeddable":true,"href":"https:\/\/neptis.fr\/index.php?rest_route=%2Fwp%2Fv2%2Fcomments&post=111"}],"version-history":[{"count":34,"href":"https:\/\/neptis.fr\/index.php?rest_route=\/wp\/v2\/pages\/111\/revisions"}],"predecessor-version":[{"id":358,"href":"https:\/\/neptis.fr\/index.php?rest_route=\/wp\/v2\/pages\/111\/revisions\/358"}],"wp:attachment":[{"href":"https:\/\/neptis.fr\/index.php?rest_route=%2Fwp%2Fv2%2Fmedia&parent=111"}],"curies":[{"name":"wp","href":"https:\/\/api.w.org\/{rel}","templated":true}]}}