{"id":130,"date":"2019-01-17T09:13:35","date_gmt":"2019-01-17T08:13:35","guid":{"rendered":"http:\/\/www.neptis.fr\/?page_id=130"},"modified":"2019-02-05T23:49:06","modified_gmt":"2019-02-05T22:49:06","slug":"solution-cloud","status":"publish","type":"page","link":"https:\/\/neptis.fr\/?page_id=130","title":{"rendered":"Solutions Cloud"},"content":{"rendered":"<p>[et_pb_section fb_built=\u00a0\u00bb1&Prime; admin_label=\u00a0\u00bbAbout\u00a0\u00bb _builder_version=\u00a0\u00bb3.12.2&Prime;][et_pb_row custom_padding=\u00a0\u00bb|||\u00a0\u00bb _builder_version=\u00a0\u00bb3.12.2&Prime;][et_pb_column type=\u00a0\u00bb4_4&Prime; _builder_version=\u00a0\u00bb3.0.47&Prime; parallax=\u00a0\u00bboff\u00a0\u00bb parallax_method=\u00a0\u00bbon\u00a0\u00bb][et_pb_text _builder_version=\u00a0\u00bb3.19.5&Prime; header_2_font=\u00a0\u00bb|600||on|||||\u00a0\u00bb header_2_text_color=\u00a0\u00bb#0054ff\u00a0\u00bb header_2_font_size=\u00a0\u00bb16px\u00a0\u00bb header_2_letter_spacing=\u00a0\u00bb3px\u00a0\u00bb header_2_line_height=\u00a0\u00bb1.8em\u00a0\u00bb]<\/p>\n<h2>Solution Cloud<\/h2>\n<p>[\/et_pb_text][\/et_pb_column][\/et_pb_row][et_pb_row custom_padding=\u00a0\u00bb3px|0|||false|false\u00a0\u00bb custom_padding_tablet=\u00a0\u00bb|0vw||\u00a0\u00bb custom_margin=\u00a0\u00bb|||\u00a0\u00bb custom_padding_last_edited=\u00a0\u00bbon|phone\u00a0\u00bb _builder_version=\u00a0\u00bb3.12.2&Prime;][et_pb_column type=\u00a0\u00bb3_5&Prime; _builder_version=\u00a0\u00bb3.0.47&Prime; parallax=\u00a0\u00bboff\u00a0\u00bb parallax_method=\u00a0\u00bbon\u00a0\u00bb][et_pb_text _builder_version=\u00a0\u00bb3.19.5&Prime; text_line_height=\u00a0\u00bb2em\u00a0\u00bb header_3_font=\u00a0\u00bbLato|900|||||||\u00a0\u00bb header_3_font_size=\u00a0\u00bb35px\u00a0\u00bb header_3_font_size_phone=\u00a0\u00bb25px\u00a0\u00bb header_3_font_size_last_edited=\u00a0\u00bbon|desktop\u00a0\u00bb header_3_line_height=\u00a0\u00bb1.5em\u00a0\u00bb header_4_font=\u00a0\u00bbLato|700||on|||||\u00a0\u00bb header_4_text_color=\u00a0\u00bbrgba(12,12,12,0.27)\u00a0\u00bb header_4_font_size=\u00a0\u00bb13px\u00a0\u00bb header_4_letter_spacing=\u00a0\u00bb3px\u00a0\u00bb header_4_line_height=\u00a0\u00bb1.8em\u00a0\u00bb locked=\u00a0\u00bboff\u00a0\u00bb]<\/p>\n<h3>NEPTIS : votre solution Cloud<\/h3>\n<p>Start-ups ou entreprises migrant vers la digitalisation et requ\u00e9rant des<strong> bureaux virtuels<\/strong> ? Besoin d\u2019un <strong>syst\u00e8me de sauvegarde<\/strong> enti\u00e8rement s\u00e9curis\u00e9 et privatif ? Neptis vous propose son <strong>service Cloud :<\/strong><\/p>\n<ul>\n<li>Vous disposez d\u2019espaces de stockage virtuels dans lesquels vous pourrez stocker vos donn\u00e9es en toute s\u00e9curit\u00e9.<\/li>\n<li>Votre \u00e9quipe y aura acc\u00e8s 24h\/24.<\/li>\n<\/ul>\n<ul>\n<li><strong>Accessible<\/strong> en tout temps<\/li>\n<li><strong>Flexible et s\u00e9curis\u00e9 <\/strong><\/li>\n<\/ul>\n<p>Son syst\u00e8me est <strong>un levier d\u2019efficacit\u00e9 pour votre entreprise<\/strong>.<\/p>\n<p>[\/et_pb_text][\/et_pb_column][et_pb_column type=\u00a0\u00bb2_5&Prime; _builder_version=\u00a0\u00bb3.0.47&Prime; parallax=\u00a0\u00bboff\u00a0\u00bb parallax_method=\u00a0\u00bbon\u00a0\u00bb][et_pb_image src=\u00a0\u00bbhttp:\/\/www.neptis.fr\/wp-content\/uploads\/2019\/01\/Accueil-Image-1.png\u00a0\u00bb _builder_version=\u00a0\u00bb3.19.5&Prime;][\/et_pb_image][\/et_pb_column][\/et_pb_row][et_pb_row custom_padding=\u00a0\u00bb3px|0|||false|false\u00a0\u00bb custom_padding_tablet=\u00a0\u00bb|0vw||\u00a0\u00bb custom_margin=\u00a0\u00bb|||\u00a0\u00bb custom_padding_last_edited=\u00a0\u00bbon|phone\u00a0\u00bb _builder_version=\u00a0\u00bb3.12.2&Prime;][et_pb_column type=\u00a0\u00bb3_5&Prime; _builder_version=\u00a0\u00bb3.0.47&Prime; parallax=\u00a0\u00bboff\u00a0\u00bb parallax_method=\u00a0\u00bbon\u00a0\u00bb][et_pb_text _builder_version=\u00a0\u00bb3.19.5&Prime; text_line_height=\u00a0\u00bb2em\u00a0\u00bb header_3_font=\u00a0\u00bbLato|900|||||||\u00a0\u00bb header_3_font_size=\u00a0\u00bb35px\u00a0\u00bb header_3_font_size_phone=\u00a0\u00bb25px\u00a0\u00bb header_3_font_size_last_edited=\u00a0\u00bbon|desktop\u00a0\u00bb header_3_line_height=\u00a0\u00bb1.5em\u00a0\u00bb header_4_font=\u00a0\u00bbLato|700||on|||||\u00a0\u00bb header_4_text_color=\u00a0\u00bbrgba(12,12,12,0.27)\u00a0\u00bb header_4_font_size=\u00a0\u00bb13px\u00a0\u00bb header_4_letter_spacing=\u00a0\u00bb3px\u00a0\u00bb header_4_line_height=\u00a0\u00bb1.8em\u00a0\u00bb]<\/p>\n<h4>NEPTIS : un cloud privatif<\/h4>\n<p>Vous avez certainement connaissance des clouds publics et gratuits offerts par les prestataires comme Apple ou encore Google. Certes, ils permettent aussi de sauvegarder vos informations mais affichent souvent une limite en termes de capacit\u00e9 et de s\u00e9curit\u00e9.<br \/>C\u2019est pour cela que Neptis vous propose les <strong>Clouds P2V<\/strong> :\u00a0<\/p>\n<ul>\n<li>Un cloud priv\u00e9 qui vous appartiendra<\/li>\n<li>Un cloud avec une structure qui vous sera propre.<\/li>\n<\/ul>\n<p>Ils sont id\u00e9aux notamment pour la <strong>conservation d\u2019un large volume de donn\u00e9es<\/strong>.<\/p>\n<p>\u00a0<\/p>\n<p>[\/et_pb_text][\/et_pb_column][et_pb_column type=\u00a0\u00bb2_5&Prime; _builder_version=\u00a0\u00bb3.0.47&Prime; parallax=\u00a0\u00bboff\u00a0\u00bb parallax_method=\u00a0\u00bbon\u00a0\u00bb][et_pb_image src=\u00a0\u00bbhttp:\/\/www.neptis.fr\/wp-content\/uploads\/2019\/01\/Cloud-Privatif.png\u00a0\u00bb _builder_version=\u00a0\u00bb3.19.5&Prime;][\/et_pb_image][\/et_pb_column][\/et_pb_row][et_pb_row custom_padding=\u00a0\u00bb3px|0|||false|false\u00a0\u00bb custom_padding_tablet=\u00a0\u00bb|0vw||\u00a0\u00bb custom_margin=\u00a0\u00bb|||\u00a0\u00bb custom_padding_last_edited=\u00a0\u00bbon|phone\u00a0\u00bb _builder_version=\u00a0\u00bb3.12.2&Prime;][et_pb_column type=\u00a0\u00bb3_5&Prime; _builder_version=\u00a0\u00bb3.0.47&Prime; parallax=\u00a0\u00bboff\u00a0\u00bb parallax_method=\u00a0\u00bbon\u00a0\u00bb][et_pb_image src=\u00a0\u00bbhttp:\/\/www.neptis.fr\/wp-content\/uploads\/2019\/01\/Image-Cloud.png\u00a0\u00bb align=\u00a0\u00bbcenter\u00a0\u00bb _builder_version=\u00a0\u00bb3.19.5&Prime; custom_padding=\u00a0\u00bb81px||0px\u00a0\u00bb custom_padding_tablet=\u00a0\u00bb0px||\u00a0\u00bb custom_padding_last_edited=\u00a0\u00bbon|phone\u00a0\u00bb][\/et_pb_image][\/et_pb_column][et_pb_column type=\u00a0\u00bb2_5&Prime; _builder_version=\u00a0\u00bb3.0.47&Prime; parallax=\u00a0\u00bboff\u00a0\u00bb parallax_method=\u00a0\u00bbon\u00a0\u00bb][et_pb_text _builder_version=\u00a0\u00bb3.19.5&Prime; text_line_height=\u00a0\u00bb2em\u00a0\u00bb header_3_font=\u00a0\u00bbLato|900|||||||\u00a0\u00bb header_3_font_size=\u00a0\u00bb35px\u00a0\u00bb header_3_font_size_phone=\u00a0\u00bb25px\u00a0\u00bb header_3_font_size_last_edited=\u00a0\u00bbon|desktop\u00a0\u00bb header_3_line_height=\u00a0\u00bb1.5em\u00a0\u00bb header_4_font=\u00a0\u00bbLato|700||on|||||\u00a0\u00bb header_4_text_color=\u00a0\u00bbrgba(12,12,12,0.27)\u00a0\u00bb header_4_font_size=\u00a0\u00bb13px\u00a0\u00bb header_4_letter_spacing=\u00a0\u00bb3px\u00a0\u00bb header_4_line_height=\u00a0\u00bb1.8em\u00a0\u00bb]<\/p>\n<h4>NEPTIS : un cloud de sauvegarde de vos donn\u00e9es<\/h4>\n<p>Les risques sans cloud : perte ou destructions des documents pourtant essentiels \u00e0 votre soci\u00e9t\u00e9 \u00e0 cause d\u2019un incendie, d\u2019un cambriolage ou de tout autre \u00e9v\u00e8nement.<br \/>Voici la solution : un<strong> disque dur en ligne<\/strong> et quasiment<strong> illimit\u00e9 en termes d\u2019espace<\/strong>. C\u2019est ce que l\u2019on entend par cloud.<br \/>Le cloud conjugu\u00e9 avec Neptis : un espace mis en place par des informaticiens senior. Vous \u00e9vitez les bugs ou erreurs d\u2019inaccessibilit\u00e9 temporaire de fichiers, les risques de perte ou de piratage de ceux-ci.<\/p>\n<h4>Neptis : vos bureaux virtuels<\/h4>\n<p>Vous connaissez les bureaux traditionnels : une salle pour l\u2019\u00e9quipe du marketing, une autre pour les finances, \u2026<br \/>Neptis vous propose de digitaliser tout cela, de cr\u00e9er un espace virtuel pour chacune de vos divisions, chacun de vos employ\u00e9s. Enti\u00e8rement <strong>param\u00e9trable, accessible en tout temps, flexible et s\u00e9curis\u00e9<\/strong>, son syst\u00e8me est un levier d\u2019efficacit\u00e9 pour votre entreprise.<\/p>\n<p>[\/et_pb_text][\/et_pb_column][\/et_pb_row][et_pb_row custom_padding=\u00a0\u00bb3px|0|||false|false\u00a0\u00bb custom_padding_tablet=\u00a0\u00bb|0vw||\u00a0\u00bb custom_margin=\u00a0\u00bb|||\u00a0\u00bb custom_padding_last_edited=\u00a0\u00bbon|phone\u00a0\u00bb _builder_version=\u00a0\u00bb3.12.2&Prime;][et_pb_column type=\u00a0\u00bb3_5&Prime; _builder_version=\u00a0\u00bb3.0.47&Prime; parallax=\u00a0\u00bboff\u00a0\u00bb parallax_method=\u00a0\u00bbon\u00a0\u00bb][et_pb_text _builder_version=\u00a0\u00bb3.19.5&Prime; text_line_height=\u00a0\u00bb2em\u00a0\u00bb header_3_font=\u00a0\u00bbLato|900|||||||\u00a0\u00bb header_3_font_size=\u00a0\u00bb35px\u00a0\u00bb header_3_font_size_phone=\u00a0\u00bb25px\u00a0\u00bb header_3_font_size_last_edited=\u00a0\u00bbon|desktop\u00a0\u00bb header_3_line_height=\u00a0\u00bb1.5em\u00a0\u00bb header_4_font=\u00a0\u00bbLato|700||on|||||\u00a0\u00bb header_4_text_color=\u00a0\u00bbrgba(12,12,12,0.27)\u00a0\u00bb header_4_font_size=\u00a0\u00bb13px\u00a0\u00bb header_4_letter_spacing=\u00a0\u00bb3px\u00a0\u00bb header_4_line_height=\u00a0\u00bb1.8em\u00a0\u00bb locked=\u00a0\u00bboff\u00a0\u00bb]<\/p>\n<h3>Le concept<\/h3>\n<p>Pour NEPTIS un v\u00e9ritable service d&rsquo;informatique en Cloud doit \u00eatre un service qui supprime les barri\u00e8res traditionnelles existant entre les applications logicielles, les donn\u00e9es et les p\u00e9riph\u00e9riques.<strong> Offrir un nouvel espace pour l\u2019utilisateur<\/strong> o\u00f9 il n&rsquo;aura nul besoin de s\u2019inqui\u00e9ter de l\u2019emplacement, du p\u00e9riph\u00e9rique ou du type de connexion \u00e0 effectuer.<\/p>\n<p>NEPTIS fournit \u00e0 ses clients un large \u00e9ventail de services de fourniture d&rsquo;applications, allant de la conception, de la mise en \u0153uvre et de la gestion de clouds priv\u00e9s \u00e0 la fourniture de solutions cloud h\u00e9berg\u00e9es fournies via l&rsquo;infrastructure cloud de NEPTIS.<\/p>\n<p>[\/et_pb_text][\/et_pb_column][et_pb_column type=\u00a0\u00bb2_5&Prime; _builder_version=\u00a0\u00bb3.0.47&Prime; parallax=\u00a0\u00bboff\u00a0\u00bb parallax_method=\u00a0\u00bbon\u00a0\u00bb][et_pb_image src=\u00a0\u00bbhttp:\/\/www.neptis.fr\/wp-content\/uploads\/2019\/01\/Le-Concept.jpg\u00a0\u00bb _builder_version=\u00a0\u00bb3.19.5&Prime;][\/et_pb_image][\/et_pb_column][\/et_pb_row][\/et_pb_section][et_pb_section fb_built=\u00a0\u00bb1&Prime; admin_label=\u00a0\u00bbOverview\u00a0\u00bb _builder_version=\u00a0\u00bb3.12.2&Prime;][et_pb_row custom_padding=\u00a0\u00bb0|0px|0|0px|false|false\u00a0\u00bb custom_padding_tablet=\u00a0\u00bb|0vw||\u00a0\u00bb custom_margin=\u00a0\u00bb|||\u00a0\u00bb custom_padding_last_edited=\u00a0\u00bboff|desktop\u00a0\u00bb _builder_version=\u00a0\u00bb3.12.2&Prime;][et_pb_column type=\u00a0\u00bb3_5&Prime; _builder_version=\u00a0\u00bb3.0.47&Prime; parallax=\u00a0\u00bboff\u00a0\u00bb parallax_method=\u00a0\u00bbon\u00a0\u00bb][et_pb_image src=\u00a0\u00bbhttp:\/\/www.neptis.fr\/wp-content\/uploads\/2019\/01\/Notre-Vision.jpg\u00a0\u00bb _builder_version=\u00a0\u00bb3.19.5&Prime;][\/et_pb_image][\/et_pb_column][et_pb_column type=\u00a0\u00bb2_5&Prime; _builder_version=\u00a0\u00bb3.0.47&Prime; parallax=\u00a0\u00bboff\u00a0\u00bb parallax_method=\u00a0\u00bbon\u00a0\u00bb][et_pb_text _builder_version=\u00a0\u00bb3.19.5&Prime; text_line_height=\u00a0\u00bb2em\u00a0\u00bb header_3_font=\u00a0\u00bbLato|900|||||||\u00a0\u00bb header_3_font_size=\u00a0\u00bb35px\u00a0\u00bb header_3_font_size_phone=\u00a0\u00bb25px\u00a0\u00bb header_3_font_size_last_edited=\u00a0\u00bbon|desktop\u00a0\u00bb header_3_line_height=\u00a0\u00bb1.5em\u00a0\u00bb header_4_font=\u00a0\u00bbLato|700||on|||||\u00a0\u00bb header_4_text_color=\u00a0\u00bbrgba(12,12,12,0.27)\u00a0\u00bb header_4_font_size=\u00a0\u00bb13px\u00a0\u00bb header_4_letter_spacing=\u00a0\u00bb3px\u00a0\u00bb header_4_line_height=\u00a0\u00bb1.8em\u00a0\u00bb locked=\u00a0\u00bboff\u00a0\u00bb]<\/p>\n<h3>Notre vision<\/h3>\n<p>Notre vision est simple: faire de la technologie un atout pour les entreprises et non un probl\u00e8me.<\/p>\n<p>Nous croyons qu&rsquo;il est important de faire de notre monde complexe et en rapide mutation un lieu plus simple et plus stimulant pour vivre, travailler et se d\u00e9velopper.<\/p>\n<p>Nous nous consid\u00e9rons comme les \u00abarchitectes du changement\u00bb et, comme tous les bons architectes, nous concevons une grande vari\u00e9t\u00e9 de projets.<\/p>\n<p>[\/et_pb_text][\/et_pb_column][\/et_pb_row][et_pb_row custom_padding=\u00a0\u00bb0|0px|0|0px|false|false\u00a0\u00bb custom_padding_tablet=\u00a0\u00bb|0vw||\u00a0\u00bb custom_margin=\u00a0\u00bb|||\u00a0\u00bb custom_padding_last_edited=\u00a0\u00bboff|desktop\u00a0\u00bb _builder_version=\u00a0\u00bb3.12.2&Prime;][et_pb_column type=\u00a0\u00bb3_5&Prime; _builder_version=\u00a0\u00bb3.0.47&Prime; parallax=\u00a0\u00bboff\u00a0\u00bb parallax_method=\u00a0\u00bbon\u00a0\u00bb][\/et_pb_column][et_pb_column type=\u00a0\u00bb2_5&Prime; _builder_version=\u00a0\u00bb3.0.47&Prime; parallax=\u00a0\u00bboff\u00a0\u00bb parallax_method=\u00a0\u00bbon\u00a0\u00bb][\/et_pb_column][\/et_pb_row][\/et_pb_section][et_pb_section fb_built=\u00a0\u00bb1&Prime; fullwidth=\u00a0\u00bbon\u00a0\u00bb _builder_version=\u00a0\u00bb3.14&Prime; box_shadow_style=\u00a0\u00bbpreset3&Prime; box_shadow_vertical=\u00a0\u00bb120px\u00a0\u00bb box_shadow_blur=\u00a0\u00bb180px\u00a0\u00bb box_shadow_spread=\u00a0\u00bb-60px\u00a0\u00bb box_shadow_color=\u00a0\u00bbrgba(0,0,0,0.4)\u00a0\u00bb][et_pb_fullwidth_image src=\u00a0\u00bbhttp:\/\/www.neptis.fr\/wp-content\/uploads\/2019\/01\/web-dev-19.jpg\u00a0\u00bb _builder_version=\u00a0\u00bb3.14&Prime;][\/et_pb_fullwidth_image][\/et_pb_section][et_pb_section fb_built=\u00a0\u00bb1&Prime; admin_label=\u00a0\u00bbTestimonials\u00a0\u00bb _builder_version=\u00a0\u00bb3.12.2&Prime;][et_pb_row _builder_version=\u00a0\u00bb3.12.2&Prime;][et_pb_column type=\u00a0\u00bb1_3&Prime; _builder_version=\u00a0\u00bb3.0.47&Prime; parallax=\u00a0\u00bboff\u00a0\u00bb parallax_method=\u00a0\u00bbon\u00a0\u00bb][et_pb_image src=\u00a0\u00bbhttp:\/\/www.neptis.fr\/wp-content\/uploads\/2019\/01\/portrait-square-10.jpg\u00a0\u00bb show_bottom_space=\u00a0\u00bboff\u00a0\u00bb always_center_on_mobile=\u00a0\u00bboff\u00a0\u00bb _builder_version=\u00a0\u00bb3.19.5&Prime; border_radii=\u00a0\u00bbon|200px|200px|200px|200px\u00a0\u00bb max_width=\u00a0\u00bb75px\u00a0\u00bb][\/et_pb_image][et_pb_testimonial author=\u00a0\u00bbEric D.\u00a0\u00bb job_title=\u00a0\u00bbArchitecte\u00a0\u00bb quote_icon=\u00a0\u00bboff\u00a0\u00bb _builder_version=\u00a0\u00bb3.19.5&Prime; body_line_height=\u00a0\u00bb2em\u00a0\u00bb use_background_color=\u00a0\u00bboff\u00a0\u00bb]<\/p>\n<p>\u00ab\u00a0Nous continuons \u00e0 \u00ab\u00a0profiter de la vie dans le nuage\u00a0\u00bb gr\u00e2ce \u00e0 une productivit\u00e9 accrue et \u00e0 une diminution du stress au bureau. Une initiative que personne ne regrette !\u00a0\u00bb<\/p>\n<p>[\/et_pb_testimonial][\/et_pb_column][et_pb_column type=\u00a0\u00bb1_3&Prime; _builder_version=\u00a0\u00bb3.0.47&Prime; parallax=\u00a0\u00bboff\u00a0\u00bb parallax_method=\u00a0\u00bbon\u00a0\u00bb][et_pb_image src=\u00a0\u00bbhttp:\/\/www.neptis.fr\/wp-content\/uploads\/2019\/01\/portrait-square-05.jpg\u00a0\u00bb show_bottom_space=\u00a0\u00bboff\u00a0\u00bb always_center_on_mobile=\u00a0\u00bboff\u00a0\u00bb _builder_version=\u00a0\u00bb3.14&Prime; border_radii=\u00a0\u00bbon|200px|200px|200px|200px\u00a0\u00bb max_width=\u00a0\u00bb75px\u00a0\u00bb locked=\u00a0\u00bboff\u00a0\u00bb][\/et_pb_image][et_pb_testimonial author=\u00a0\u00bbMartin L.\u00a0\u00bb job_title=\u00a0\u00bbConsultant\u00a0\u00bb quote_icon=\u00a0\u00bboff\u00a0\u00bb _builder_version=\u00a0\u00bb3.19.5&Prime; body_line_height=\u00a0\u00bb2em\u00a0\u00bb use_background_color=\u00a0\u00bboff\u00a0\u00bb]<\/p>\n<p>\u00ab\u00a0Avec NEPTIS nous pouvons travailler o\u00f9 que nous soyons et \u00e0 chaque fois que nous avons besoin d&rsquo;acc\u00e9der \u00e0 nos fichiers complets. Et cela nous a permis d\u2019\u00e9conomiser des sommes d\u2019argent substantielles.\u00a0\u00bb<\/p>\n<p>[\/et_pb_testimonial][\/et_pb_column][et_pb_column type=\u00a0\u00bb1_3&Prime; _builder_version=\u00a0\u00bb3.0.47&Prime; parallax=\u00a0\u00bboff\u00a0\u00bb parallax_method=\u00a0\u00bbon\u00a0\u00bb][et_pb_image src=\u00a0\u00bbhttp:\/\/www.neptis.fr\/wp-content\/uploads\/2019\/01\/portrait-square-06.jpg\u00a0\u00bb show_bottom_space=\u00a0\u00bboff\u00a0\u00bb always_center_on_mobile=\u00a0\u00bboff\u00a0\u00bb _builder_version=\u00a0\u00bb3.14&Prime; border_radii=\u00a0\u00bbon|200px|200px|200px|200px\u00a0\u00bb max_width=\u00a0\u00bb75px\u00a0\u00bb locked=\u00a0\u00bboff\u00a0\u00bb][\/et_pb_image][et_pb_testimonial author=\u00a0\u00bbCaroline T.\u00a0\u00bb job_title=\u00a0\u00bbDirectrice adjointe\u00a0\u00bb quote_icon=\u00a0\u00bboff\u00a0\u00bb _builder_version=\u00a0\u00bb3.19.5&Prime; body_line_height=\u00a0\u00bb2em\u00a0\u00bb use_background_color=\u00a0\u00bboff\u00a0\u00bb]<\/p>\n<p>\u00ab\u00a0Vous serez impressionn\u00e9 par le niveau de professionnalisme, de r\u00e9activit\u00e9 et de connaissances techniques. J&rsquo;aurais juste souhait\u00e9 que nous prenions la d\u00e9cision plus t\u00f4t.\u00a0\u00bb<\/p>\n<p>[\/et_pb_testimonial][\/et_pb_column][\/et_pb_row][\/et_pb_section][et_pb_section fb_built=\u00a0\u00bb1&Prime; fullwidth=\u00a0\u00bbon\u00a0\u00bb admin_label=\u00a0\u00bbHeader\u00a0\u00bb _builder_version=\u00a0\u00bb3.14&Prime; background_image=\u00a0\u00bbhttp:\/\/www.neptis.fr\/wp-content\/uploads\/2019\/01\/web-dev-03.png\u00a0\u00bb parallax=\u00a0\u00bbon\u00a0\u00bb animation_style=\u00a0\u00bbfade\u00a0\u00bb][et_pb_fullwidth_header title=\u00a0\u00bbLe Cloud c&rsquo;est maintenant !\u00a0\u00bb subhead=\u00a0\u00bbFaites-en profiter votre entreprise\u00a0\u00bb text_orientation=\u00a0\u00bbcenter\u00a0\u00bb button_one_text=\u00a0\u00bbContactez nous\u00a0\u00bb button_one_url=\u00a0\u00bbhttp:\/\/www.neptis.fr\/?page_id=134&Prime; _builder_version=\u00a0\u00bb3.19.5&Prime; title_level=\u00a0\u00bbh2&Prime; title_font=\u00a0\u00bbLato|900|||||||\u00a0\u00bb title_font_size=\u00a0\u00bb50px\u00a0\u00bb title_font_size_tablet=\u00a0\u00bb40px\u00a0\u00bb title_font_size_phone=\u00a0\u00bb25px\u00a0\u00bb title_font_size_last_edited=\u00a0\u00bbon|tablet\u00a0\u00bb title_line_height=\u00a0\u00bb1.5em\u00a0\u00bb content_font_size=\u00a0\u00bb16px\u00a0\u00bb content_line_height=\u00a0\u00bb2em\u00a0\u00bb subhead_font=\u00a0\u00bb|700||on|||||\u00a0\u00bb subhead_font_size=\u00a0\u00bb14px\u00a0\u00bb subhead_letter_spacing=\u00a0\u00bb2px\u00a0\u00bb background_color=\u00a0\u00bbrgba(0,0,0,0)\u00a0\u00bb custom_button_two=\u00a0\u00bbon\u00a0\u00bb button_two_text_size=\u00a0\u00bb14px\u00a0\u00bb button_two_text_color=\u00a0\u00bb#0054ff\u00a0\u00bb button_two_bg_color=\u00a0\u00bbrgba(255,255,255,0)\u00a0\u00bb button_two_border_width=\u00a0\u00bb12px\u00a0\u00bb button_two_border_color=\u00a0\u00bbrgba(0,0,0,0)\u00a0\u00bb button_two_border_radius=\u00a0\u00bb0px\u00a0\u00bb button_two_letter_spacing=\u00a0\u00bb2px\u00a0\u00bb button_two_font=\u00a0\u00bb|600||on|||||\u00a0\u00bb button_two_icon=\u00a0\u00bb%%24%%\u00a0\u00bb button_two_on_hover=\u00a0\u00bboff\u00a0\u00bb custom_button_one=\u00a0\u00bbon\u00a0\u00bb button_one_text_size=\u00a0\u00bb14px\u00a0\u00bb button_one_text_color=\u00a0\u00bb#ffffff\u00a0\u00bb button_one_bg_color=\u00a0\u00bb#0054ff\u00a0\u00bb button_one_border_width=\u00a0\u00bb14px\u00a0\u00bb button_one_border_color=\u00a0\u00bbrgba(0,0,0,0)\u00a0\u00bb button_one_border_radius=\u00a0\u00bb0px\u00a0\u00bb button_one_letter_spacing=\u00a0\u00bb2px\u00a0\u00bb button_one_font=\u00a0\u00bb|600||on|||||\u00a0\u00bb button_one_icon=\u00a0\u00bb%%24%%\u00a0\u00bb button_one_on_hover=\u00a0\u00bboff\u00a0\u00bb box_shadow_style_button_two=\u00a0\u00bbpreset1&Prime; box_shadow_vertical_button_two=\u00a0\u00bb0px\u00a0\u00bb box_shadow_blur_button_two=\u00a0\u00bb0px\u00a0\u00bb box_shadow_spread_button_two=\u00a0\u00bb2px\u00a0\u00bb box_shadow_color_button_two=\u00a0\u00bb#0054ff\u00a0\u00bb background_layout=\u00a0\u00bblight\u00a0\u00bb custom_margin=\u00a0\u00bb|||\u00a0\u00bb custom_padding=\u00a0\u00bb6vw|||\u00a0\u00bb animation_style=\u00a0\u00bbzoom\u00a0\u00bb animation_intensity_zoom=\u00a0\u00bb0%\u00a0\u00bb button_one_letter_spacing_hover=\u00a0\u00bb2px\u00a0\u00bb button_two_letter_spacing_hover=\u00a0\u00bb2px\u00a0\u00bb button_one_text_size__hover_enabled=\u00a0\u00bboff\u00a0\u00bb button_two_text_size__hover_enabled=\u00a0\u00bboff\u00a0\u00bb button_one_text_color__hover_enabled=\u00a0\u00bboff\u00a0\u00bb button_two_text_color__hover_enabled=\u00a0\u00bboff\u00a0\u00bb button_one_border_width__hover_enabled=\u00a0\u00bboff\u00a0\u00bb button_two_border_width__hover_enabled=\u00a0\u00bboff\u00a0\u00bb button_one_border_color__hover_enabled=\u00a0\u00bboff\u00a0\u00bb button_two_border_color__hover_enabled=\u00a0\u00bboff\u00a0\u00bb button_one_border_radius__hover_enabled=\u00a0\u00bboff\u00a0\u00bb button_two_border_radius__hover_enabled=\u00a0\u00bboff\u00a0\u00bb button_one_letter_spacing__hover_enabled=\u00a0\u00bbon\u00a0\u00bb button_one_letter_spacing__hover=\u00a0\u00bb2px\u00a0\u00bb button_two_letter_spacing__hover_enabled=\u00a0\u00bbon\u00a0\u00bb button_two_letter_spacing__hover=\u00a0\u00bb2px\u00a0\u00bb button_one_bg_color__hover_enabled=\u00a0\u00bboff\u00a0\u00bb button_two_bg_color__hover_enabled=\u00a0\u00bboff\u00a0\u00bb][\/et_pb_fullwidth_header][et_pb_fullwidth_image src=\u00a0\u00bbhttp:\/\/www.neptis.fr\/wp-content\/uploads\/2019\/01\/Accueil-Image-3-2.png\u00a0\u00bb _builder_version=\u00a0\u00bb3.19.5&Prime; custom_margin=\u00a0\u00bb-10%|||\u00a0\u00bb animation_style=\u00a0\u00bbzoom\u00a0\u00bb animation_direction=\u00a0\u00bbbottom\u00a0\u00bb animation_duration=\u00a0\u00bb1400ms\u00a0\u00bb animation_intensity_zoom=\u00a0\u00bb5%\u00a0\u00bb][\/et_pb_fullwidth_image][\/et_pb_section]<\/p>\n","protected":false},"excerpt":{"rendered":"<p>Solution CloudNEPTIS : votre solution Cloud Start-ups ou entreprises migrant vers la digitalisation et requ\u00e9rant des bureaux virtuels ? Besoin d\u2019un syst\u00e8me de sauvegarde enti\u00e8rement s\u00e9curis\u00e9 et privatif ? Neptis vous propose son service Cloud : Vous disposez d\u2019espaces de stockage virtuels dans lesquels vous pourrez stocker vos donn\u00e9es en toute s\u00e9curit\u00e9. Votre \u00e9quipe y [&hellip;]<\/p>\n","protected":false},"author":2,"featured_media":0,"parent":0,"menu_order":0,"comment_status":"closed","ping_status":"closed","template":"","meta":{"_et_pb_use_builder":"on","_et_pb_old_content":"","_et_gb_content_width":"","footnotes":""},"class_list":["post-130","page","type-page","status-publish","hentry"],"_links":{"self":[{"href":"https:\/\/neptis.fr\/index.php?rest_route=\/wp\/v2\/pages\/130","targetHints":{"allow":["GET"]}}],"collection":[{"href":"https:\/\/neptis.fr\/index.php?rest_route=\/wp\/v2\/pages"}],"about":[{"href":"https:\/\/neptis.fr\/index.php?rest_route=\/wp\/v2\/types\/page"}],"author":[{"embeddable":true,"href":"https:\/\/neptis.fr\/index.php?rest_route=\/wp\/v2\/users\/2"}],"replies":[{"embeddable":true,"href":"https:\/\/neptis.fr\/index.php?rest_route=%2Fwp%2Fv2%2Fcomments&post=130"}],"version-history":[{"count":37,"href":"https:\/\/neptis.fr\/index.php?rest_route=\/wp\/v2\/pages\/130\/revisions"}],"predecessor-version":[{"id":351,"href":"https:\/\/neptis.fr\/index.php?rest_route=\/wp\/v2\/pages\/130\/revisions\/351"}],"wp:attachment":[{"href":"https:\/\/neptis.fr\/index.php?rest_route=%2Fwp%2Fv2%2Fmedia&parent=130"}],"curies":[{"name":"wp","href":"https:\/\/api.w.org\/{rel}","templated":true}]}}