{"id":132,"date":"2019-01-17T09:14:14","date_gmt":"2019-01-17T08:14:14","guid":{"rendered":"http:\/\/www.neptis.fr\/?page_id=132"},"modified":"2019-01-23T10:44:20","modified_gmt":"2019-01-23T09:44:20","slug":"solutions-it","status":"publish","type":"page","link":"https:\/\/neptis.fr\/?page_id=132","title":{"rendered":"Solutions IT"},"content":{"rendered":"<p>[et_pb_section fb_built=\u00a0\u00bb1&Prime; admin_label=\u00a0\u00bbAbout\u00a0\u00bb _builder_version=\u00a0\u00bb3.12.2&Prime;][et_pb_row custom_padding=\u00a0\u00bb|||\u00a0\u00bb _builder_version=\u00a0\u00bb3.12.2&Prime;][et_pb_column type=\u00a0\u00bb4_4&Prime; _builder_version=\u00a0\u00bb3.0.47&Prime; parallax=\u00a0\u00bboff\u00a0\u00bb parallax_method=\u00a0\u00bbon\u00a0\u00bb][et_pb_text _builder_version=\u00a0\u00bb3.19.5&Prime; header_2_font=\u00a0\u00bb|600||on|||||\u00a0\u00bb header_2_text_color=\u00a0\u00bb#0054ff\u00a0\u00bb header_2_font_size=\u00a0\u00bb16px\u00a0\u00bb header_2_letter_spacing=\u00a0\u00bb3px\u00a0\u00bb header_2_line_height=\u00a0\u00bb1.8em\u00a0\u00bb]<\/p>\n<h2>Solutions IT<\/h2>\n<p>[\/et_pb_text][\/et_pb_column][\/et_pb_row][et_pb_row custom_padding=\u00a0\u00bb3px|0|||false|false\u00a0\u00bb custom_padding_tablet=\u00a0\u00bb|0vw||\u00a0\u00bb custom_margin=\u00a0\u00bb|||\u00a0\u00bb custom_padding_last_edited=\u00a0\u00bbon|phone\u00a0\u00bb _builder_version=\u00a0\u00bb3.19.5&Prime;][et_pb_column type=\u00a0\u00bb1_2&Prime; _builder_version=\u00a0\u00bb3.0.47&Prime; parallax=\u00a0\u00bboff\u00a0\u00bb parallax_method=\u00a0\u00bbon\u00a0\u00bb][et_pb_text _builder_version=\u00a0\u00bb3.19.5&Prime; text_line_height=\u00a0\u00bb2em\u00a0\u00bb header_3_font=\u00a0\u00bbLato|900|||||||\u00a0\u00bb header_3_font_size=\u00a0\u00bb35px\u00a0\u00bb header_3_font_size_phone=\u00a0\u00bb25px\u00a0\u00bb header_3_font_size_last_edited=\u00a0\u00bbon|desktop\u00a0\u00bb header_3_line_height=\u00a0\u00bb1.5em\u00a0\u00bb header_4_font=\u00a0\u00bbLato|700||on|||||\u00a0\u00bb header_4_text_color=\u00a0\u00bbrgba(12,12,12,0.27)\u00a0\u00bb header_4_font_size=\u00a0\u00bb13px\u00a0\u00bb header_4_letter_spacing=\u00a0\u00bb3px\u00a0\u00bb header_4_line_height=\u00a0\u00bb1.8em\u00a0\u00bb locked=\u00a0\u00bboff\u00a0\u00bb]<\/p>\n<h3>Les solutions IT chez NEPTIS<\/h3>\n<p>NEPTIS est un fournisseur de solutions informatiques. Nous prenons en charge votre<strong> parc informatique<\/strong> en entier et intervenons principalement sur deux facettes : la <strong>gestion de vos projets informatiques <\/strong>et l\u2019<strong>infog\u00e9rance\/ la maintenance<\/strong> de votre site.<\/p>\n<h4>\u00a0<\/h4>\n<h4>La gestion de vos projets informatiques<\/h4>\n<p>NEPTIS fournit un service qui s\u2019aligne strictement aux besoins du demandeur. Que vous ayez besoin d\u2019un logiciel en particulier ou de mettre en place un r\u00e9seau intranet, nous le ferons en respectant quatre principes :<\/p>\n<ul>\n<li><strong>La multiplicit\u00e9 des utilisateurs<\/strong>, c\u2019est-\u00e0-dire que NEPTIS fera en sorte que tous ceux qui sont int\u00e9ress\u00e9s par le projet y trouvent leur compte (service marketing, service de production, etc.) ;<\/li>\n<li><strong>Le respect de votre budget<\/strong> ;<\/li>\n<li><strong>La proposition de solutions souples<\/strong>, ais\u00e9ment maniables et actualisables ;<\/li>\n<li><strong>La proposition de solutions nouvelles<\/strong>, n\u00e9es des derni\u00e8res \u00e9volutions de la technologie.<\/li>\n<\/ul>\n<p>[\/et_pb_text][\/et_pb_column][et_pb_column type=\u00a0\u00bb1_2&Prime; _builder_version=\u00a0\u00bb3.0.47&Prime; parallax=\u00a0\u00bboff\u00a0\u00bb parallax_method=\u00a0\u00bbon\u00a0\u00bb][et_pb_image src=\u00a0\u00bbhttp:\/\/www.neptis.fr\/wp-content\/uploads\/2019\/01\/Image-Solutions-IT.png\u00a0\u00bb show_bottom_space=\u00a0\u00bboff\u00a0\u00bb align=\u00a0\u00bbcenter\u00a0\u00bb _builder_version=\u00a0\u00bb3.19.5&Prime; custom_margin=\u00a0\u00bb85px||\u00a0\u00bb custom_margin_tablet=\u00a0\u00bb-6px||\u00a0\u00bb custom_margin_last_edited=\u00a0\u00bbon|phone\u00a0\u00bb]<br \/>\n[\/et_pb_image][\/et_pb_column][\/et_pb_row][et_pb_row custom_padding=\u00a0\u00bb3px|0|||false|false\u00a0\u00bb custom_padding_tablet=\u00a0\u00bb|0vw||\u00a0\u00bb custom_margin=\u00a0\u00bb|||\u00a0\u00bb custom_padding_last_edited=\u00a0\u00bbon|phone\u00a0\u00bb _builder_version=\u00a0\u00bb3.12.2&Prime;][et_pb_column type=\u00a0\u00bb3_5&Prime; _builder_version=\u00a0\u00bb3.0.47&Prime; parallax=\u00a0\u00bboff\u00a0\u00bb parallax_method=\u00a0\u00bbon\u00a0\u00bb][et_pb_image src=\u00a0\u00bbhttp:\/\/www.neptis.fr\/wp-content\/uploads\/2019\/01\/Infog\u00e9rence-et-maintenance-de-votre-site.png\u00a0\u00bb _builder_version=\u00a0\u00bb3.19.5&Prime;][\/et_pb_image][\/et_pb_column][et_pb_column type=\u00a0\u00bb2_5&Prime; _builder_version=\u00a0\u00bb3.0.47&Prime; parallax=\u00a0\u00bboff\u00a0\u00bb parallax_method=\u00a0\u00bbon\u00a0\u00bb][et_pb_text _builder_version=\u00a0\u00bb3.19.5&Prime; text_line_height=\u00a0\u00bb2em\u00a0\u00bb header_3_font=\u00a0\u00bbLato|900|||||||\u00a0\u00bb header_3_font_size=\u00a0\u00bb35px\u00a0\u00bb header_3_font_size_phone=\u00a0\u00bb25px\u00a0\u00bb header_3_font_size_last_edited=\u00a0\u00bbon|desktop\u00a0\u00bb header_3_line_height=\u00a0\u00bb1.5em\u00a0\u00bb header_4_font=\u00a0\u00bbLato|700||on|||||\u00a0\u00bb header_4_text_color=\u00a0\u00bbrgba(12,12,12,0.27)\u00a0\u00bb header_4_font_size=\u00a0\u00bb13px\u00a0\u00bb header_4_letter_spacing=\u00a0\u00bb3px\u00a0\u00bb header_4_line_height=\u00a0\u00bb1.8em\u00a0\u00bb locked=\u00a0\u00bboff\u00a0\u00bb]<\/p>\n<h4>L\u2019infog\u00e9rance et la maintenance de votre site<\/h4>\n<p>NEPTIS met \u00e0 votre disposition l\u2019informatique comme moyen pour un <strong>travail rapide, s\u00e9curis\u00e9, inclusif et automatique<\/strong>. Toutefois, ce syst\u00e8me ne fonctionne pas sans un travail d\u2019ing\u00e9nieurs informatiques de haut niveau. Avec NEPTIS, un sous-traitant ext\u00e9rieur ayant plus de 20 ans d\u2019exp\u00e9rience, votre infog\u00e9rance et plus particuli\u00e8rement votre maintenance seront entre les mains d\u2019experts.<\/p>\n<p>Une solution qui reviendra moins ch\u00e8re que d\u2019avoir du service informatique interne.<br \/><strong>Les avantages<\/strong> : un personnel sp\u00e9cialis\u00e9 et disponible, un travail \u00e0 moindres co\u00fbts ayant des effets directs sur votre productivit\u00e9.<\/p>\n<p>[\/et_pb_text][\/et_pb_column][\/et_pb_row][\/et_pb_section][et_pb_section fb_built=\u00a0\u00bb1&Prime; admin_label=\u00a0\u00bbOverview\u00a0\u00bb _builder_version=\u00a0\u00bb3.12.2&Prime;][et_pb_row custom_padding=\u00a0\u00bb0|0px|0|0px|false|false\u00a0\u00bb custom_padding_tablet=\u00a0\u00bb|0vw||\u00a0\u00bb custom_margin=\u00a0\u00bb|||\u00a0\u00bb custom_padding_last_edited=\u00a0\u00bboff|desktop\u00a0\u00bb _builder_version=\u00a0\u00bb3.12.2&Prime;][et_pb_column type=\u00a0\u00bb3_5&Prime; _builder_version=\u00a0\u00bb3.0.47&Prime; parallax=\u00a0\u00bboff\u00a0\u00bb parallax_method=\u00a0\u00bbon\u00a0\u00bb][et_pb_text _builder_version=\u00a0\u00bb3.19.5&Prime; text_line_height=\u00a0\u00bb2em\u00a0\u00bb header_3_font=\u00a0\u00bbLato|900|||||||\u00a0\u00bb header_3_font_size=\u00a0\u00bb35px\u00a0\u00bb header_3_font_size_phone=\u00a0\u00bb25px\u00a0\u00bb header_3_font_size_last_edited=\u00a0\u00bbon|desktop\u00a0\u00bb header_3_line_height=\u00a0\u00bb1.5em\u00a0\u00bb header_4_font=\u00a0\u00bbLato|700||on|||||\u00a0\u00bb header_4_text_color=\u00a0\u00bbrgba(12,12,12,0.27)\u00a0\u00bb header_4_font_size=\u00a0\u00bb13px\u00a0\u00bb header_4_letter_spacing=\u00a0\u00bb3px\u00a0\u00bb header_4_line_height=\u00a0\u00bb1.8em\u00a0\u00bb locked=\u00a0\u00bboff\u00a0\u00bb]<\/p>\n<h3>Notre concept<\/h3>\n<p>NEPTIS s&rsquo;associe aux entreprises quel que soit leur dimension, pour leur permettre de disposer de solutions et de service informatiques adapt\u00e9s \u00e0 leurs besoins actuels et futurs. Notre exp\u00e9rience dans les <strong>domaines de la technologie et du conseil<\/strong>, associ\u00e9e \u00e0 notre <strong>expertise des processus m\u00e9tier<\/strong>, nous permet de concevoir et de mettre en \u0153uvre des solutions informatiques pour les clients qui veulent se d\u00e9marquer de la concurrence.<\/p>\n<p>Nous conseillons et assistons les entreprises dans la s\u00e9curisation de leur environnement commercial, leur permettant de prot\u00e9ger leurs propres informations et leurs conversations ainsi que celles de leurs clients. Gr\u00e2ce \u00e0 notre exp\u00e9rience dans le <strong>d\u00e9ploiement de solutions de communications s\u00e9curis\u00e9es<\/strong>, les clients de NEPTIS peuvent avoir l&rsquo;esprit tranquille en sachant que leurs informations seront prot\u00e9g\u00e9es o\u00f9 qu&rsquo;ils se trouvent.<\/p>\n<p>[\/et_pb_text][\/et_pb_column][et_pb_column type=\u00a0\u00bb2_5&Prime; _builder_version=\u00a0\u00bb3.0.47&Prime; parallax=\u00a0\u00bboff\u00a0\u00bb parallax_method=\u00a0\u00bbon\u00a0\u00bb][et_pb_image src=\u00a0\u00bbhttp:\/\/www.neptis.fr\/wp-content\/uploads\/2019\/01\/Le-Concept.jpg\u00a0\u00bb _builder_version=\u00a0\u00bb3.19.5&Prime;]<br \/>\n[\/et_pb_image][\/et_pb_column][\/et_pb_row][et_pb_row custom_padding=\u00a0\u00bb0px|||\u00a0\u00bb custom_padding_tablet=\u00a0\u00bb|0vw||\u00a0\u00bb custom_margin=\u00a0\u00bb|||\u00a0\u00bb custom_padding_last_edited=\u00a0\u00bboff|desktop\u00a0\u00bb _builder_version=\u00a0\u00bb3.14&Prime;][et_pb_column type=\u00a0\u00bb3_5&Prime; _builder_version=\u00a0\u00bb3.0.47&Prime; parallax=\u00a0\u00bboff\u00a0\u00bb parallax_method=\u00a0\u00bbon\u00a0\u00bb][et_pb_image src=\u00a0\u00bbhttp:\/\/www.neptis.fr\/wp-content\/uploads\/2019\/01\/Notre-Vision.jpg\u00a0\u00bb _builder_version=\u00a0\u00bb3.19.5&Prime;]<br \/>\n[\/et_pb_image][\/et_pb_column][et_pb_column type=\u00a0\u00bb2_5&Prime; _builder_version=\u00a0\u00bb3.0.47&Prime; parallax=\u00a0\u00bboff\u00a0\u00bb parallax_method=\u00a0\u00bbon\u00a0\u00bb][et_pb_text _builder_version=\u00a0\u00bb3.19.5&Prime; text_line_height=\u00a0\u00bb2em\u00a0\u00bb header_3_font=\u00a0\u00bbLato|900|||||||\u00a0\u00bb header_3_font_size=\u00a0\u00bb35px\u00a0\u00bb header_3_font_size_phone=\u00a0\u00bb25px\u00a0\u00bb header_3_font_size_last_edited=\u00a0\u00bbon|desktop\u00a0\u00bb header_3_line_height=\u00a0\u00bb1.5em\u00a0\u00bb header_4_font=\u00a0\u00bbLato|700||on|||||\u00a0\u00bb header_4_text_color=\u00a0\u00bbrgba(12,12,12,0.27)\u00a0\u00bb header_4_font_size=\u00a0\u00bb13px\u00a0\u00bb header_4_letter_spacing=\u00a0\u00bb3px\u00a0\u00bb header_4_line_height=\u00a0\u00bb1.8em\u00a0\u00bb locked=\u00a0\u00bboff\u00a0\u00bb]<\/p>\n<h3>Notre vision<\/h3>\n<p>Notre vision est simple: faire de la technologie un atout pour les entreprises et non un probl\u00e8me.<\/p>\n<p>Nous croyons qu\u2019il est important de faire de notre monde complexe et en rapide mutation un lieu plus simple et plus stimulant pour vivre, travailler et se d\u00e9velopper.<\/p>\n<p>Nous nous consid\u00e9rons comme les \u00abarchitectes du changement\u00bb et, comme tous les bons architectes, nous concevons une grande vari\u00e9t\u00e9 de projets.<\/p>\n<p>[\/et_pb_text][\/et_pb_column][\/et_pb_row][\/et_pb_section][et_pb_section fb_built=\u00a0\u00bb1&Prime; fullwidth=\u00a0\u00bbon\u00a0\u00bb _builder_version=\u00a0\u00bb3.14&Prime; box_shadow_style=\u00a0\u00bbpreset3&Prime; box_shadow_vertical=\u00a0\u00bb120px\u00a0\u00bb box_shadow_blur=\u00a0\u00bb180px\u00a0\u00bb box_shadow_spread=\u00a0\u00bb-60px\u00a0\u00bb box_shadow_color=\u00a0\u00bbrgba(0,0,0,0.4)\u00a0\u00bb][et_pb_fullwidth_image src=\u00a0\u00bbhttp:\/\/www.neptis.fr\/wp-content\/uploads\/2019\/01\/web-dev-19.jpg\u00a0\u00bb _builder_version=\u00a0\u00bb3.14&Prime;]<br \/>\n[\/et_pb_fullwidth_image][\/et_pb_section][et_pb_section fb_built=\u00a0\u00bb1&Prime; admin_label=\u00a0\u00bbTestimonials\u00a0\u00bb _builder_version=\u00a0\u00bb3.12.2&Prime;][et_pb_row _builder_version=\u00a0\u00bb3.12.2&Prime;][et_pb_column type=\u00a0\u00bb1_3&Prime; _builder_version=\u00a0\u00bb3.0.47&Prime; parallax=\u00a0\u00bboff\u00a0\u00bb parallax_method=\u00a0\u00bbon\u00a0\u00bb][et_pb_image src=\u00a0\u00bbhttp:\/\/www.neptis.fr\/wp-content\/uploads\/2019\/01\/portrait-square-10.jpg\u00a0\u00bb show_bottom_space=\u00a0\u00bboff\u00a0\u00bb always_center_on_mobile=\u00a0\u00bboff\u00a0\u00bb _builder_version=\u00a0\u00bb3.14&Prime; border_radii=\u00a0\u00bbon|200px|200px|200px|200px\u00a0\u00bb max_width=\u00a0\u00bb75px\u00a0\u00bb]<br \/>\n[\/et_pb_image][et_pb_testimonial author=\u00a0\u00bbDaniel B.\u00a0\u00bb job_title=\u00a0\u00bbManager \u00a0\u00bb quote_icon=\u00a0\u00bboff\u00a0\u00bb _builder_version=\u00a0\u00bb3.19.5&Prime; body_line_height=\u00a0\u00bb2em\u00a0\u00bb use_background_color=\u00a0\u00bboff\u00a0\u00bb]<\/p>\n<p>\u00ab\u00a0Nous comptons beaucoup sur nos syst\u00e8mes t\u00e9l\u00e9phoniques et notre r\u00e9seau informatique. Face \u00e0 diff\u00e9rents soucis informatiques, nous avions eu besoin des services d&rsquo;un sous-traitant s\u00e9rieux pour prendre en charge notre r\u00e9seau voix et donn\u00e9es. \u00ab\u00a0<\/p>\n<p>[\/et_pb_testimonial][\/et_pb_column][et_pb_column type=\u00a0\u00bb1_3&Prime; _builder_version=\u00a0\u00bb3.0.47&Prime; parallax=\u00a0\u00bboff\u00a0\u00bb parallax_method=\u00a0\u00bbon\u00a0\u00bb][et_pb_image src=\u00a0\u00bbhttp:\/\/www.neptis.fr\/wp-content\/uploads\/2019\/01\/portrait-square-05.jpg\u00a0\u00bb show_bottom_space=\u00a0\u00bboff\u00a0\u00bb always_center_on_mobile=\u00a0\u00bboff\u00a0\u00bb _builder_version=\u00a0\u00bb3.14&Prime; border_radii=\u00a0\u00bbon|200px|200px|200px|200px\u00a0\u00bb max_width=\u00a0\u00bb75px\u00a0\u00bb locked=\u00a0\u00bboff\u00a0\u00bb]<br \/>\n[\/et_pb_image][et_pb_testimonial author=\u00a0\u00bbFr\u00e9d\u00e9rique M.\u00a0\u00bb job_title=\u00a0\u00bbResponsable logistique\u00a0\u00bb quote_icon=\u00a0\u00bboff\u00a0\u00bb _builder_version=\u00a0\u00bb3.19.5&Prime; body_line_height=\u00a0\u00bb2em\u00a0\u00bb use_background_color=\u00a0\u00bboff\u00a0\u00bb]<\/p>\n<p>\u00ab\u00a0Nous avions des probl\u00e8mes de vitesse et de performance sur Internet, ainsi que des probl\u00e8mes de serveur qui n&rsquo;\u00e9taient pas r\u00e9solus. Recours aux services d&rsquo;un nouveau fournisseur de services \u00e9tait in\u00e9vitable. Nous sommes heureux d&rsquo;avoir choisi NEPTIS.\u00a0\u00bb<\/p>\n<p>[\/et_pb_testimonial][\/et_pb_column][et_pb_column type=\u00a0\u00bb1_3&Prime; _builder_version=\u00a0\u00bb3.0.47&Prime; parallax=\u00a0\u00bboff\u00a0\u00bb parallax_method=\u00a0\u00bbon\u00a0\u00bb][et_pb_image src=\u00a0\u00bbhttp:\/\/www.neptis.fr\/wp-content\/uploads\/2019\/01\/portrait-square-06.jpg\u00a0\u00bb show_bottom_space=\u00a0\u00bboff\u00a0\u00bb always_center_on_mobile=\u00a0\u00bboff\u00a0\u00bb _builder_version=\u00a0\u00bb3.14&Prime; border_radii=\u00a0\u00bbon|200px|200px|200px|200px\u00a0\u00bb max_width=\u00a0\u00bb75px\u00a0\u00bb locked=\u00a0\u00bboff\u00a0\u00bb]<br \/>\n[\/et_pb_image][et_pb_testimonial author=\u00a0\u00bbSandrine D.\u00a0\u00bb job_title=\u00a0\u00bbResponsable marketing\u00a0\u00bb quote_icon=\u00a0\u00bboff\u00a0\u00bb _builder_version=\u00a0\u00bb3.19.5&Prime; body_line_height=\u00a0\u00bb2em\u00a0\u00bb use_background_color=\u00a0\u00bboff\u00a0\u00bb]<\/p>\n<p>\u00ab\u00a0Je voulais simplement vous faire savoir \u00e0 quel point nous sommes tr\u00e8s satisfaits des services que vous nous avez rendu. Je tiens \u00e0 exprimer ma gratitude pour la qualit\u00e9 de vos services, des solutions propos\u00e9es et de votre patience.\u00a0\u00bb<\/p>\n<p>[\/et_pb_testimonial][\/et_pb_column][\/et_pb_row][\/et_pb_section][et_pb_section fb_built=\u00a0\u00bb1&Prime; fullwidth=\u00a0\u00bbon\u00a0\u00bb admin_label=\u00a0\u00bbHeader\u00a0\u00bb _builder_version=\u00a0\u00bb3.14&Prime; background_image=\u00a0\u00bbhttp:\/\/www.neptis.fr\/wp-content\/uploads\/2019\/01\/web-dev-03.png\u00a0\u00bb parallax=\u00a0\u00bbon\u00a0\u00bb animation_style=\u00a0\u00bbfade\u00a0\u00bb][et_pb_fullwidth_header title=\u00a0\u00bbBesoin d&rsquo;une solution IT ?\u00a0\u00bb text_orientation=\u00a0\u00bbcenter\u00a0\u00bb button_one_text=\u00a0\u00bbContactez nous\u00a0\u00bb button_one_url=\u00a0\u00bbhttp:\/\/www.neptis.fr\/?page_id=134&Prime; _builder_version=\u00a0\u00bb3.19.5&Prime; title_level=\u00a0\u00bbh2&Prime; title_font=\u00a0\u00bbLato|900|||||||\u00a0\u00bb title_font_size=\u00a0\u00bb50px\u00a0\u00bb title_font_size_tablet=\u00a0\u00bb40px\u00a0\u00bb title_font_size_phone=\u00a0\u00bb25px\u00a0\u00bb title_font_size_last_edited=\u00a0\u00bbon|tablet\u00a0\u00bb title_line_height=\u00a0\u00bb1.5em\u00a0\u00bb content_font_size=\u00a0\u00bb16px\u00a0\u00bb content_line_height=\u00a0\u00bb2em\u00a0\u00bb subhead_font=\u00a0\u00bb|700||on|||||\u00a0\u00bb subhead_font_size=\u00a0\u00bb14px\u00a0\u00bb subhead_letter_spacing=\u00a0\u00bb2px\u00a0\u00bb background_color=\u00a0\u00bbrgba(0,0,0,0)\u00a0\u00bb custom_button_two=\u00a0\u00bbon\u00a0\u00bb button_two_text_size=\u00a0\u00bb14px\u00a0\u00bb button_two_text_color=\u00a0\u00bb#0054ff\u00a0\u00bb button_two_bg_color=\u00a0\u00bbrgba(255,255,255,0)\u00a0\u00bb button_two_border_width=\u00a0\u00bb12px\u00a0\u00bb button_two_border_color=\u00a0\u00bbrgba(0,0,0,0)\u00a0\u00bb button_two_border_radius=\u00a0\u00bb0px\u00a0\u00bb button_two_letter_spacing=\u00a0\u00bb2px\u00a0\u00bb button_two_font=\u00a0\u00bb|600||on|||||\u00a0\u00bb button_two_icon=\u00a0\u00bb%%24%%\u00a0\u00bb button_two_on_hover=\u00a0\u00bboff\u00a0\u00bb custom_button_one=\u00a0\u00bbon\u00a0\u00bb button_one_text_size=\u00a0\u00bb14px\u00a0\u00bb button_one_text_color=\u00a0\u00bb#ffffff\u00a0\u00bb button_one_bg_color=\u00a0\u00bb#0054ff\u00a0\u00bb button_one_border_width=\u00a0\u00bb14px\u00a0\u00bb button_one_border_color=\u00a0\u00bbrgba(0,0,0,0)\u00a0\u00bb button_one_border_radius=\u00a0\u00bb0px\u00a0\u00bb button_one_letter_spacing=\u00a0\u00bb2px\u00a0\u00bb button_one_font=\u00a0\u00bb|600||on|||||\u00a0\u00bb button_one_icon=\u00a0\u00bb%%24%%\u00a0\u00bb button_one_on_hover=\u00a0\u00bboff\u00a0\u00bb box_shadow_style_button_two=\u00a0\u00bbpreset1&Prime; box_shadow_vertical_button_two=\u00a0\u00bb0px\u00a0\u00bb box_shadow_blur_button_two=\u00a0\u00bb0px\u00a0\u00bb box_shadow_spread_button_two=\u00a0\u00bb2px\u00a0\u00bb box_shadow_color_button_two=\u00a0\u00bb#0054ff\u00a0\u00bb background_layout=\u00a0\u00bblight\u00a0\u00bb custom_margin=\u00a0\u00bb|||\u00a0\u00bb custom_padding=\u00a0\u00bb6vw|||\u00a0\u00bb animation_style=\u00a0\u00bbzoom\u00a0\u00bb animation_intensity_zoom=\u00a0\u00bb0%\u00a0\u00bb button_one_letter_spacing_hover=\u00a0\u00bb2px\u00a0\u00bb button_two_letter_spacing_hover=\u00a0\u00bb2px\u00a0\u00bb button_one_text_size__hover_enabled=\u00a0\u00bboff\u00a0\u00bb button_two_text_size__hover_enabled=\u00a0\u00bboff\u00a0\u00bb button_one_text_color__hover_enabled=\u00a0\u00bboff\u00a0\u00bb button_two_text_color__hover_enabled=\u00a0\u00bboff\u00a0\u00bb button_one_border_width__hover_enabled=\u00a0\u00bboff\u00a0\u00bb button_two_border_width__hover_enabled=\u00a0\u00bboff\u00a0\u00bb button_one_border_color__hover_enabled=\u00a0\u00bboff\u00a0\u00bb button_two_border_color__hover_enabled=\u00a0\u00bboff\u00a0\u00bb button_one_border_radius__hover_enabled=\u00a0\u00bboff\u00a0\u00bb button_two_border_radius__hover_enabled=\u00a0\u00bboff\u00a0\u00bb button_one_letter_spacing__hover_enabled=\u00a0\u00bbon\u00a0\u00bb button_one_letter_spacing__hover=\u00a0\u00bb2px\u00a0\u00bb button_two_letter_spacing__hover_enabled=\u00a0\u00bbon\u00a0\u00bb button_two_letter_spacing__hover=\u00a0\u00bb2px\u00a0\u00bb button_one_bg_color__hover_enabled=\u00a0\u00bboff\u00a0\u00bb button_two_bg_color__hover_enabled=\u00a0\u00bboff\u00a0\u00bb]<\/p>\n<p>Apportez une nouvelle dimension \u00e0 votre entreprise !<\/p>\n<p>[\/et_pb_fullwidth_header][et_pb_fullwidth_image src=\u00a0\u00bbhttp:\/\/www.neptis.fr\/wp-content\/uploads\/2019\/01\/Accueil-Image-3-2.png\u00a0\u00bb _builder_version=\u00a0\u00bb3.19.5&Prime; custom_margin=\u00a0\u00bb-10%|||\u00a0\u00bb animation_style=\u00a0\u00bbzoom\u00a0\u00bb animation_direction=\u00a0\u00bbbottom\u00a0\u00bb animation_duration=\u00a0\u00bb1400ms\u00a0\u00bb animation_intensity_zoom=\u00a0\u00bb5%\u00a0\u00bb]<br \/>\n[\/et_pb_fullwidth_image][\/et_pb_section]<\/p>\n","protected":false},"excerpt":{"rendered":"<p>Solutions IT Les solutions IT chez NEPTIS NEPTIS est un fournisseur de solutions informatiques. Nous prenons en charge votre parc informatique en entier et intervenons principalement sur deux facettes : la gestion de vos projets informatiques et l\u2019infog\u00e9rance\/ la maintenance de votre site. \u00a0 La gestion de vos projets informatiques NEPTIS fournit un service qui [&hellip;]<\/p>\n","protected":false},"author":2,"featured_media":0,"parent":0,"menu_order":0,"comment_status":"closed","ping_status":"closed","template":"","meta":{"_et_pb_use_builder":"on","_et_pb_old_content":"","_et_gb_content_width":"","footnotes":""},"class_list":["post-132","page","type-page","status-publish","hentry"],"_links":{"self":[{"href":"https:\/\/neptis.fr\/index.php?rest_route=\/wp\/v2\/pages\/132","targetHints":{"allow":["GET"]}}],"collection":[{"href":"https:\/\/neptis.fr\/index.php?rest_route=\/wp\/v2\/pages"}],"about":[{"href":"https:\/\/neptis.fr\/index.php?rest_route=\/wp\/v2\/types\/page"}],"author":[{"embeddable":true,"href":"https:\/\/neptis.fr\/index.php?rest_route=\/wp\/v2\/users\/2"}],"replies":[{"embeddable":true,"href":"https:\/\/neptis.fr\/index.php?rest_route=%2Fwp%2Fv2%2Fcomments&post=132"}],"version-history":[{"count":20,"href":"https:\/\/neptis.fr\/index.php?rest_route=\/wp\/v2\/pages\/132\/revisions"}],"predecessor-version":[{"id":302,"href":"https:\/\/neptis.fr\/index.php?rest_route=\/wp\/v2\/pages\/132\/revisions\/302"}],"wp:attachment":[{"href":"https:\/\/neptis.fr\/index.php?rest_route=%2Fwp%2Fv2%2Fmedia&parent=132"}],"curies":[{"name":"wp","href":"https:\/\/api.w.org\/{rel}","templated":true}]}}